{"id":13,"date":"2021-04-08T07:38:07","date_gmt":"2021-04-08T07:38:07","guid":{"rendered":"http:\/\/afyontarim.com\/?page_id=13"},"modified":"2021-04-12T04:22:32","modified_gmt":"2021-04-12T04:22:32","slug":"about","status":"publish","type":"page","link":"http:\/\/afyontarim.com\/?page_id=13","title":{"rendered":"Aydo\u011fan Tar\u0131m \u00dcr\u00fcnleri"},"content":{"rendered":"\n<p>Aydo\u011fan Tar\u0131m Patates, Bu\u011fday, Arpa \u00fcretiminde faaliyet g\u00f6stermektedir. Sekt\u00f6rde 20 y\u0131l\u0131 a\u015fan deneyimi, uzman kadrosu ve profesyonel ekipmanlar\u0131 ile m\u00fc\u015fterilerinden alm\u0131\u015f oldu\u011fu i\u015fleri, do\u011fru ve istenilen s\u00fcrede ger\u00e7ekle\u015ftirmektedir. Yap\u0131lacak olan her i\u015fin, ayr\u0131 bir proje olarak titizlikle incelendi\u011fi, i\u015f program\u0131n\u0131n ve fizibilite \u00e7al\u0131\u015fmalar\u0131n\u0131n yap\u0131ld\u0131\u011f\u0131 firmam\u0131zda, kalite standartlar\u0131m\u0131z olmazsa olmaz\u0131m\u0131zd\u0131r.<\/p>\n","protected":false},"excerpt":{"rendered":"<p>Aydo\u011fan Tar\u0131m Patates, Bu\u011fday, Arpa \u00fcretiminde faaliyet g\u00f6stermektedir. Sekt\u00f6rde 20 y\u0131l\u0131 a\u015fan deneyimi, uzman kadrosu ve profesyonel ekipmanlar\u0131 ile m\u00fc\u015fterilerinden alm\u0131\u015f oldu\u011fu i\u015fleri, do\u011fru ve istenilen s\u00fcrede ger\u00e7ekle\u015ftirmektedir. Yap\u0131lacak olan her i\u015fin, ayr\u0131 bir proje olarak titizlikle incelendi\u011fi, i\u015f program\u0131n\u0131n ve fizibilite \u00e7al\u0131\u015fmalar\u0131n\u0131n yap\u0131ld\u0131\u011f\u0131 firmam\u0131zda, kalite standartlar\u0131m\u0131z olmazsa olmaz\u0131m\u0131zd\u0131r.<\/p>\n","protected":false},"author":1,"featured_media":0,"parent":0,"menu_order":0,"comment_status":"closed","ping_status":"closed","template":"","meta":{"footnotes":""},"_links":{"self":[{"href":"http:\/\/afyontarim.com\/index.php?rest_route=\/wp\/v2\/pages\/13"}],"collection":[{"href":"http:\/\/afyontarim.com\/index.php?rest_route=\/wp\/v2\/pages"}],"about":[{"href":"http:\/\/afyontarim.com\/index.php?rest_route=\/wp\/v2\/types\/page"}],"author":[{"embeddable":true,"href":"http:\/\/afyontarim.com\/index.php?rest_route=\/wp\/v2\/users\/1"}],"replies":[{"embeddable":true,"href":"http:\/\/afyontarim.com\/index.php?rest_route=%2Fwp%2Fv2%2Fcomments&post=13"}],"version-history":[{"count":3,"href":"http:\/\/afyontarim.com\/index.php?rest_route=\/wp\/v2\/pages\/13\/revisions"}],"predecessor-version":[{"id":139,"href":"http:\/\/afyontarim.com\/index.php?rest_route=\/wp\/v2\/pages\/13\/revisions\/139"}],"wp:attachment":[{"href":"http:\/\/afyontarim.com\/index.php?rest_route=%2Fwp%2Fv2%2Fmedia&parent=13"}],"curies":[{"name":"wp","href":"https:\/\/api.w.org\/{rel}","templated":true}]}}