{"id":2,"date":"2021-04-08T07:18:48","date_gmt":"2021-04-08T07:18:48","guid":{"rendered":"http:\/\/afyontarim.com\/?page_id=2"},"modified":"2021-04-16T18:58:07","modified_gmt":"2021-04-16T18:58:07","slug":"sample-page","status":"publish","type":"page","link":"http:\/\/afyontarim.com\/","title":{"rendered":"Hakk\u0131m\u0131zda"},"content":{"rendered":"\n<p><strong>Aydo\u011fan Tar\u0131m \u00dcr\u00fcnleri<\/strong>  Patates, Bu\u011fday, Arpa \u00fcretiminde faaliyet g\u00f6stermektedir. Sekt\u00f6rde 20  y\u0131l\u0131 a\u015fan deneyimi, uzman kadrosu ve profesyonel ekipmanlar\u0131 ile m\u00fc\u015fterilerinden alm\u0131\u015f oldu\u011fu i\u015fleri, do\u011fru ve istenilen s\u00fcrede ger\u00e7ekle\u015ftirmektedir. Yap\u0131lacak olan her i\u015fin, ayr\u0131 bir proje olarak titizlikle incelendi\u011fi, i\u015f program\u0131n\u0131n ve fizibilite \u00e7al\u0131\u015fmalar\u0131n\u0131n yap\u0131ld\u0131\u011f\u0131 firmam\u0131zda, kalite standartlar\u0131m\u0131z olmazsa olmaz\u0131m\u0131zd\u0131r.<\/p>\n\n\n\n<p>&nbsp; &nbsp; &nbsp; &nbsp;Y\u0131llar i\u00e7erisinde ger\u00e7ekle\u015ftirdi\u011fi faaliyetleri referanslar\u0131 ile ta\u00e7land\u0131ran <strong>Aydo\u011fan Tar\u0131m \u00dcr\u00fcnleri<\/strong> sundu\u011fu hizmetin kalitesini kan\u0131tlam\u0131\u015ft\u0131r. Bug\u00fcn, \u00dcretimden sa\u011flanan Kaliteli \u00fcr\u00fcnlerini, T\u00fcrkiye&#8217;de 50&#8217;den fazla \u0130l&#8217;e g\u00f6ndermekte olan firmam\u0131z, uzman kadrosu ile hizmetlerine devam etmektedir.<\/p>\n\n\n\n<p>&nbsp; &nbsp; &nbsp; &nbsp;<strong>Aydo\u011fan Tar\u0131m \u00dcr\u00fcnleri<\/strong>, kalite standartlar\u0131na ba\u011fl\u0131 kalarak, yap\u0131lacak i\u015fte t\u00fcm detaylar\u0131 titizlikle inceler, herhangi bir p\u00fcr\u00fczde ilgili merci ve birimlerin, g\u00f6r\u00fc\u015fleri ve onaylar\u0131n\u0131 al\u0131nd\u0131ktan sonra i\u015flemlerine devam eder.<\/p>\n\n\n\n<div class=\"wp-block-buttons is-layout-flex wp-block-buttons-is-layout-flex\">\n<div class=\"wp-block-button\"><a class=\"wp-block-button__link\">Resimler<\/a><\/div>\n<\/div>\n","protected":false},"excerpt":{"rendered":"<p>Aydo\u011fan Tar\u0131m \u00dcr\u00fcnleri Patates, Bu\u011fday, Arpa \u00fcretiminde faaliyet g\u00f6stermektedir. Sekt\u00f6rde 20 y\u0131l\u0131 a\u015fan deneyimi, uzman kadrosu ve profesyonel ekipmanlar\u0131 ile m\u00fc\u015fterilerinden alm\u0131\u015f oldu\u011fu i\u015fleri, do\u011fru ve istenilen s\u00fcrede ger\u00e7ekle\u015ftirmektedir. Yap\u0131lacak olan her i\u015fin, ayr\u0131 bir proje olarak titizlikle incelendi\u011fi, i\u015f program\u0131n\u0131n ve fizibilite \u00e7al\u0131\u015fmalar\u0131n\u0131n yap\u0131ld\u0131\u011f\u0131 firmam\u0131zda, kalite standartlar\u0131m\u0131z olmazsa olmaz\u0131m\u0131zd\u0131r. &nbsp; &nbsp; &nbsp; &nbsp;Y\u0131llar i\u00e7erisinde &hellip; <\/p>\n<p class=\"link-more\"><a href=\"http:\/\/afyontarim.com\/\" class=\"more-link\">Continue reading<span class=\"screen-reader-text\"> &#8220;Hakk\u0131m\u0131zda&#8221;<\/span><\/a><\/p>\n","protected":false},"author":1,"featured_media":0,"parent":0,"menu_order":0,"comment_status":"closed","ping_status":"closed","template":"","meta":{"footnotes":""},"_links":{"self":[{"href":"http:\/\/afyontarim.com\/index.php?rest_route=\/wp\/v2\/pages\/2"}],"collection":[{"href":"http:\/\/afyontarim.com\/index.php?rest_route=\/wp\/v2\/pages"}],"about":[{"href":"http:\/\/afyontarim.com\/index.php?rest_route=\/wp\/v2\/types\/page"}],"author":[{"embeddable":true,"href":"http:\/\/afyontarim.com\/index.php?rest_route=\/wp\/v2\/users\/1"}],"replies":[{"embeddable":true,"href":"http:\/\/afyontarim.com\/index.php?rest_route=%2Fwp%2Fv2%2Fcomments&post=2"}],"version-history":[{"count":4,"href":"http:\/\/afyontarim.com\/index.php?rest_route=\/wp\/v2\/pages\/2\/revisions"}],"predecessor-version":[{"id":144,"href":"http:\/\/afyontarim.com\/index.php?rest_route=\/wp\/v2\/pages\/2\/revisions\/144"}],"wp:attachment":[{"href":"http:\/\/afyontarim.com\/index.php?rest_route=%2Fwp%2Fv2%2Fmedia&parent=2"}],"curies":[{"name":"wp","href":"https:\/\/api.w.org\/{rel}","templated":true}]}}