{"id":67,"date":"2021-04-09T21:45:27","date_gmt":"2021-04-09T21:45:27","guid":{"rendered":"http:\/\/afyontarim.com\/?page_id=67"},"modified":"2021-04-16T19:24:22","modified_gmt":"2021-04-16T19:24:22","slug":"faliyet-alanlari","status":"publish","type":"page","link":"http:\/\/afyontarim.com\/?page_id=67","title":{"rendered":"Faliyet Alanlar\u0131"},"content":{"rendered":"\n<p>\u015eirketimiz ba\u015fta yemeklik patates, tohumluk patates ve tar\u0131m \u00fcr\u00fcnleri (arpa bu\u011fday) yeti\u015ftiricili\u011fini yap\u0131p bu \u00fcr\u00fcnleri t\u00fcketici ile bulu\u015fmas\u0131n\u0131 sa\u011flayarak tedarik zincirini y\u00f6netmektedir. <\/p>\n","protected":false},"excerpt":{"rendered":"<p>\u015eirketimiz ba\u015fta yemeklik patates, tohumluk patates ve tar\u0131m \u00fcr\u00fcnleri (arpa bu\u011fday) yeti\u015ftiricili\u011fini yap\u0131p bu \u00fcr\u00fcnleri t\u00fcketici ile bulu\u015fmas\u0131n\u0131 sa\u011flayarak tedarik zincirini y\u00f6netmektedir.<\/p>\n","protected":false},"author":1,"featured_media":0,"parent":0,"menu_order":0,"comment_status":"closed","ping_status":"closed","template":"","meta":{"footnotes":""},"_links":{"self":[{"href":"http:\/\/afyontarim.com\/index.php?rest_route=\/wp\/v2\/pages\/67"}],"collection":[{"href":"http:\/\/afyontarim.com\/index.php?rest_route=\/wp\/v2\/pages"}],"about":[{"href":"http:\/\/afyontarim.com\/index.php?rest_route=\/wp\/v2\/types\/page"}],"author":[{"embeddable":true,"href":"http:\/\/afyontarim.com\/index.php?rest_route=\/wp\/v2\/users\/1"}],"replies":[{"embeddable":true,"href":"http:\/\/afyontarim.com\/index.php?rest_route=%2Fwp%2Fv2%2Fcomments&post=67"}],"version-history":[{"count":3,"href":"http:\/\/afyontarim.com\/index.php?rest_route=\/wp\/v2\/pages\/67\/revisions"}],"predecessor-version":[{"id":146,"href":"http:\/\/afyontarim.com\/index.php?rest_route=\/wp\/v2\/pages\/67\/revisions\/146"}],"wp:attachment":[{"href":"http:\/\/afyontarim.com\/index.php?rest_route=%2Fwp%2Fv2%2Fmedia&parent=67"}],"curies":[{"name":"wp","href":"https:\/\/api.w.org\/{rel}","templated":true}]}}